{"id":62,"date":"2016-08-05T13:07:04","date_gmt":"2016-08-05T11:07:04","guid":{"rendered":"http:\/\/root.lebong.net\/wordpressfewo\/?page_id=62"},"modified":"2025-12-28T11:17:36","modified_gmt":"2025-12-28T10:17:36","slug":"lage","status":"publish","type":"page","link":"https:\/\/www.lebong.net\/provence\/lage\/","title":{"rendered":"Die Lage"},"content":{"rendered":"<h1>Umgebung<\/h1>\n<p>Das Haus ist ruhig gelegen, abseits der Hauptsstra\u00dfe. Mit wenigen Schritten erreicht man die Gesch\u00e4fte wie B\u00e4ckerei, Friseure, Apotheke, Lebensmittelgesch\u00e4ft und die Post mit dem Bankautomaten. In unmittelbarer N\u00e4he befinden sich 3 Restaurants, in denen man landestypisch und teilweise sehr preiswert essen kann. Am Ortsrand befindet sich ein gut sortierter Supermarkt mit preisg\u00fcnstiger (?) Tankstelle.<\/p>\n<p>Wer zum Schwimmen nicht wegfahren m\u00f6chte, ist in K\u00fcrze zu Fu\u00df im Schwimmbad, das leider nur im Juli\/August ge\u00f6ffnet hat. Zu Fu\u00df erreichbar ist noch ein Bouleplatz, Tennisplatz, Spielplatz und Fu\u00dfballpl\u00e4tze. R\u00e9gusse hat sonntagsmorgens einen umfangreichen, interressanten Markt. So kann man sich gleich bei der Ankunft mit den entsprechenden Waren versorgen und den Urlaub gem\u00fctlich angehen lassen. Weitere M\u00e4rkte finden Sie wochentags rundum in der Umgebung statt. Im 7 km entfernten St\u00e4dtchen Aups, der Pforte des Verdons findet man weitere Gesch\u00e4fte, Apotheke, Spezialgesch\u00e4fte , gute Restaurants und einen weiteren Supermarkt mit Tankstelle.<\/p>\n<h1>Region<\/h1>\n<p>Die Landschaft um R\u00e9gusse ist typisch provencalisch. Unser Ort geh\u00f6rt zum Naturpark Verdon. Von dort aus ist man in kurzer Zeit an 3 Seen zum Baden, Surfen, Kanu-und Kajakfahren (keine Motorboote). Der obere Stausee, der Lac de Ste. Croix ist als Bade-und Surfparadies mit seinem glasklaren Wasser ein einzigartiges Landschaftsszenario. Der See ist auch in der Hochsaison, wenn die K\u00fcste den Touristenkollaps erlebt, nicht zu stark frequentiert.<\/p>\n<p>Ein weiteres Farbschauspiel sind die blau-lila Lavendelfelder auf der Hochebene des Plateau de Valensole, das sich bis zum Lac Ste. Croix ersteckt. Diese weltweit gr\u00f6\u00dfte zusammenh\u00e4ngende Lavendelanbaufl\u00e4che erstrahlt Ende Juni\/Anfang Juli in ihrer intensivsten Farbe. Sehenswerte Ausflugsziele sind weiterhin die Gorges de Verdon, Grotten und Wasserf\u00e4lle, interressante Orte wie Aups, Moustiers Ste. Marie,Tourtour (sch\u00f6nstes Dorf der Provence \u201c Dorf im Himmel\u201c ). Direkt beim Erzeuger einkaufen k\u00f6nnen Sie Ziegenk\u00e4se, \u00d6le, Lavendelprodukte, Kunsthandwerk, Weine, in Villecroze und Cotignac auch pr\u00e4mierte Weine zu moderaten Preisen<b>.<\/b><\/p>\n","protected":false},"excerpt":{"rendered":"<p>Umgebung Das Haus ist ruhig gelegen, abseits der Hauptsstra\u00dfe. Mit wenigen Schritten erreicht man die Gesch\u00e4fte wie B\u00e4ckerei, Friseure, Apotheke, Lebensmittelgesch\u00e4ft und die Post mit dem Bankautomaten. In unmittelbarer N\u00e4he befinden sich 3 Restaurants, in &hellip; <a href=\"https:\/\/www.lebong.net\/provence\/lage\/\">Weiterlesen<\/a><\/p>\n","protected":false},"author":1,"featured_media":0,"parent":0,"menu_order":0,"comment_status":"closed","ping_status":"closed","template":"page_lage.php","meta":{"footnotes":""},"class_list":["post-62","page","type-page","status-publish","hentry"],"_links":{"self":[{"href":"https:\/\/www.lebong.net\/provence\/wp-json\/wp\/v2\/pages\/62","targetHints":{"allow":["GET"]}}],"collection":[{"href":"https:\/\/www.lebong.net\/provence\/wp-json\/wp\/v2\/pages"}],"about":[{"href":"https:\/\/www.lebong.net\/provence\/wp-json\/wp\/v2\/types\/page"}],"author":[{"embeddable":true,"href":"https:\/\/www.lebong.net\/provence\/wp-json\/wp\/v2\/users\/1"}],"replies":[{"embeddable":true,"href":"https:\/\/www.lebong.net\/provence\/wp-json\/wp\/v2\/comments?post=62"}],"version-history":[{"count":0,"href":"https:\/\/www.lebong.net\/provence\/wp-json\/wp\/v2\/pages\/62\/revisions"}],"wp:attachment":[{"href":"https:\/\/www.lebong.net\/provence\/wp-json\/wp\/v2\/media?parent=62"}],"curies":[{"name":"wp","href":"https:\/\/api.w.org\/{rel}","templated":true}]}}