{"id":2,"date":"2016-08-03T22:27:00","date_gmt":"2016-08-03T20:27:00","guid":{"rendered":"http:\/\/root.lebong.net\/wordpressfewo\/?page_id=2"},"modified":"2025-12-30T14:51:37","modified_gmt":"2025-12-30T13:51:37","slug":"beispiel-seite","status":"publish","type":"page","link":"https:\/\/www.lebong.net\/provence\/","title":{"rendered":"Das Haus"},"content":{"rendered":"<p>Das 300 Jahre alte Dorfhaus mit besonderem Charakter liegt im verkehrsberuhigten, historischen Dorfkern und hat im Sommer ein angenehm temperiertes Klima durch das massive Mauerwerk. Es wurde behutsam renoviert mit Erhaltung der alten Eichenbalken. Das Haus ist mit Grafiken und Originalen der Hausbesitzerin ausgestattet. Ab 2011 ist im Eingangsraum &#8211; der sogenannten Voute &#8211; eine kleine private Galerie eingerichtet. Von der 2-st\u00f6ckigen Dachterrasse hat man eine sch\u00f6ne Fernsicht auf das Verdongebirge.<\/p>\n<h2>Erdgeschoss<\/h2>\n<p>Im Erdgeschoss befindet sich eine Galerie mit sch\u00f6nem Deckengew\u00f6lbe und einer gem\u00fctlichen Sitzecke. Dieser Raum eignet sich im Sommer hervorragend zum Aufenthalt in den hei\u00dfen Mittagsstunden.<\/p>\n<h2>1. Etage<\/h2>\n<p>Im 1. Stockwerk ist die K\u00fcche mit Essecke. Die K\u00fcchenzeile ist mit einem Gasceranfeld, Elektrobackofen, K\u00fchlschrank und Sp\u00fclmaschine ausgestattet. Die K\u00fcchenausstattung ist sehr umfangreich. Weitere R\u00e4umlichkeiten auf dieser Etage sind 2 Schlafzimmer mit einem Doppelbett (200&#215;200) und ein Einzelbett (140&#215;200), 1 kleiner Aufenthaltsraum mit Ausziehcouch, 1 ger\u00e4umiges Duschbad incl. Waschmaschine (B\u00fcgeleisen und B\u00fcgelbrett vorhanden).<\/p>\n<h2>2. Etage<\/h2>\n<p>Die 2. Etage beherbergt ein weiteres Schlafzimmer (180&#215;200) mit Kinderbett, Duschbad, Wohnzimmer mit Stereoanlage und Sat-TV. Das Haus wird gr\u00f6\u00dftenteils mit elektrischen Heizk\u00f6rpern beheizt. Vom Wohzimmer aus gelangt man zur Dachterrasse, die aus 2 Ebenen besteht. Der untere Teil mit seiner Essecke bis 6 Personen und einer Liege ist teilweise beschattet. Von der oberen Etage mit 2 Sitz-bzw. Liegesesseln hat man eine sch\u00f6ne Sicht auf das Verdongebirge und die Voralpen.<\/p>\n<h2>Auf einen Blick<\/h2>\n<p>\u2014 Wohnfl\u00e4che 120 Quadratmeter<br \/>\u2014\u00a01 Wohnzimmer, 1 Wohnraum im Erdgeschoss, 1 K\u00fcche mit Essecke, 3 Schlafzimmer,\u00a02 Badezimmer<br \/>\u2014 maximale Belegung: 6 Personen<br \/>\u2014 allergikergeeignet, alle B\u00f6den sind mit Fliesen ausgestattet, die Betten mit allergikerfreundlichen<br \/>Materialien. <strong>Haustiere sind daher ausgeschlossen.<\/strong><br \/>\u2014 Grundausstattung:\u00a0Elektroheizung, Waschmaschine, W\u00e4schetrockner, B\u00fcgeleisen, B\u00fcgelbrett<br \/>\u2014 Unterhaltung\/Multimedia\/Kommunikatio:\u00a0Sat-TV, CD-Player, Stereoanlage<br \/>\u2014 Annehmlichkeiten\/Extras (z.T. gg. Geb\u00fchr):\u00a0Bettw\u00e4sche, Zwischen-\/Endreinigung m\u00f6glich<\/p>\n\n\n<p><\/p>\n","protected":false},"excerpt":{"rendered":"<p>Das 300 Jahre alte Dorfhaus mit besonderem Charakter liegt im verkehrsberuhigten, historischen Dorfkern und hat im Sommer ein angenehm temperiertes Klima durch das massive Mauerwerk. Es wurde behutsam renoviert mit Erhaltung der alten Eichenbalken. Das &hellip; <a href=\"https:\/\/www.lebong.net\/provence\/\">Weiterlesen<\/a><\/p>\n","protected":false},"author":1,"featured_media":0,"parent":0,"menu_order":0,"comment_status":"closed","ping_status":"open","template":"page_haus.php","meta":{"footnotes":""},"class_list":["post-2","page","type-page","status-publish","hentry"],"_links":{"self":[{"href":"https:\/\/www.lebong.net\/provence\/wp-json\/wp\/v2\/pages\/2","targetHints":{"allow":["GET"]}}],"collection":[{"href":"https:\/\/www.lebong.net\/provence\/wp-json\/wp\/v2\/pages"}],"about":[{"href":"https:\/\/www.lebong.net\/provence\/wp-json\/wp\/v2\/types\/page"}],"author":[{"embeddable":true,"href":"https:\/\/www.lebong.net\/provence\/wp-json\/wp\/v2\/users\/1"}],"replies":[{"embeddable":true,"href":"https:\/\/www.lebong.net\/provence\/wp-json\/wp\/v2\/comments?post=2"}],"version-history":[{"count":0,"href":"https:\/\/www.lebong.net\/provence\/wp-json\/wp\/v2\/pages\/2\/revisions"}],"wp:attachment":[{"href":"https:\/\/www.lebong.net\/provence\/wp-json\/wp\/v2\/media?parent=2"}],"curies":[{"name":"wp","href":"https:\/\/api.w.org\/{rel}","templated":true}]}}