{"id":30,"date":"2016-07-05T17:32:07","date_gmt":"2016-07-05T15:32:07","guid":{"rendered":"http:\/\/root.lebong.net\/wordpress\/?page_id=30"},"modified":"2025-11-24T14:30:41","modified_gmt":"2025-11-24T13:30:41","slug":"ausstellungen","status":"publish","type":"page","link":"https:\/\/www.lebong.net\/kunst\/ausstellungen\/","title":{"rendered":"Ausstellungen und \u00f6ffentliche Ank\u00e4ufe"},"content":{"rendered":"<p><strong>\u00d6 F F E N T L I C H E\u00a0 A N K \u00c4 U F E<br \/>\n<\/strong><\/p>\n<p>&#8211; Stadt Waldmohr\/ Rheinland-Pfalz<\/p>\n<p>&#8211; Sparkasse Neunkirchen<\/p>\n<p>&#8211; Ministerium f\u00fcr Bildung, Kultur und Wissenschaft des Saarlandes, Saarbr\u00fccken<\/p>\n<p>&nbsp;<\/p>\n<p><strong>E I N Z E L A U S S T E L L U N G E N<\/strong><\/p>\n<p>K\/ Katalog<\/p>\n<p>2025 \u00a0 Transformation et Chaos \/ Galerie Le Vivier \/ MoretLoing et Orvanne \/ Ile de France<\/p>\n<p>2025 \u00a0 Unterwegs \/ Malerei-Objekte \/ Alte Schule, Kleinottweiler\/Bexbach<\/p>\n<p>2023 \u00a0 Mouvement et \u00e9quilibre\/ Galerie le Vivier\/ M\u00f4ret sur Loing\/ Ile de France<\/p>\n<p>2022\u00a0 \u00a0Meer und Mehr \/ Malerei-Grafik-Objekte \/ Saalbau Homburg\/K<\/p>\n<p>2020\u00a0 \u00a0Univers-Singuliers\/ Galerie le Vivier\/ M\u00f4ret sur Loing \/Ile de France<\/p>\n<p>2018\u00a0\u00a0 Abstraction Dessin Sculpture \/ Galerie le Vivier, M\u00f4ret sur Loing<\/p>\n<p>2017\u00a0\u00a0 Sensibles \/ Kreisgalerie Dahn<\/p>\n<p>2016\u00a0\u00a0 Sensibles \/ Galerie Le Vivier, M\u00f4ret sur Loing- Ile de France<\/p>\n<p>2015\u00a0\u00a0 En chemin \/ Mus\u00e9e Municipal, M\u00f4ret sur Loing<\/p>\n<p>Lebong-Heinemann \/ Malerei-Skulptur, R\u00e9gusse en Provence<\/p>\n<p>2013\u00a0\u00a0 Marseille en Sarre-Saarland in Marseille-Malerei trifft Druckgrafik\u00a0 \u00a0 \u00a0 \u00a0 \u00a0 \u00a0 \u00a0Marseille Europ. Kulturhauptstadt \/ Galerie Andiamo, Marseille<\/p>\n<p>2013\u00a0 \u00a0Saarl\u00e4ndisches K\u00fcnstlerhaus, Saarbr\u00fccken\/ K<\/p>\n<p>2013\u00a0 \u00a0konstruktiv-suggestiv \/ Galerie Saalbau, Homburg<\/p>\n<p>2012\u00a0\u00a0 Flug durch Licht und Schatten \/ Galerie K\u00f6cher, Bexbach \/K<\/p>\n<p>2011\u00a0\u00a0 Unterwegs \/ Kreisgalerie Dahn, RLP<\/p>\n<p>2010\u00a0\u00a0 Landeszentrale f\u00fcr Medien und Kommunikation, Ludwigshafen<br \/>\nMalerei und Skulptur \/ Kunst-und Kulturhalle Waldmohr<\/p>\n<p>2007\u00a0\u00a0 Volare \/ Maison Charme, Zweibr\u00fccken<\/p>\n<p>2006\u00a0\u00a0 Lichtr\u00e4ume \/ Bosener M\u00fchle, Nohfelden<\/p>\n<p>2006\u00a0\u00a0 En face de \/ BBK-Facetten, Kulturzentrum Homburg, Saar<\/p>\n<p>2005\u00a0\u00a0 Volare \/Kulturfoyer, Galerie der Stadt Saarbr\u00fccken<\/p>\n<p>2005\u00a0\u00a0 Unendliches Licht \/ Malerei und Skulptur, Kreisgalerie Dahn<\/p>\n<p>2003\u00a0\u00a0 Augenblicke-Bilder-Zeichen \/ Bosener M\u00fchle, Nohfelden<\/p>\n<p>2002\u00a0\u00a0 Fragile \/ Fellenbergm\u00fchle, Merzig<\/p>\n<p>2002\u00a0\u00a0 Malerei und Skulptur \/ Kunst-und Kulturhalle, Waldmohr<\/p>\n<p>2000\u00a0\u00a0 Malerei und Skulptur \/ Galerie Schubert, Neunkirchen Saar<\/p>\n<p>&nbsp;<\/p>\n<p><strong>A U S S T E L L U N G S B E T E I L I G U N G E N<\/strong><\/p>\n<p>2025 &#8222;Limit 250&#8220; BBK Landesverband Saar, Kleinformatige Arbeiten bis 250 Euro \/ Zeichnung, Malerei, Druckgrafik, Collage \/ 14.11.2025 &#8211; 04.01.2026 im Saarl\u00e4ndischen K\u00fcnstlerhaus, 6611 Saarbr\u00fccken, Karlstr. 1 \u00d6ffnungszeiten von Di &#8211; So 10 &#8211; 18 Uhr<\/p>\n<p>2025 \u00a0 &#8222;Ver-r\u00fcckt&#8220;, Jahresausstellung Homburger K\u00fcnstlerInnen, 24.11. &#8211; 14.12. \/ Mi &#8211; So 14 &#8211; 17 Uhr \/ Galerie Kulturzentrum Saalbau 66424 Homburg, Obere Allee 1<\/p>\n<p>2025 \u00a0 &#8222;10 ans du Vivier &#8211; les Artistes&#8220; 2015 &#8211; 2025 \/ mit Katalog, 12. novembre , salle Roland Dagnaud de la Ville Moret sur Loing<\/p>\n<p>2025\u00a0 KLIMA XL \/ Mitgliederausstellung in zwei Teilen \/ Saarl\u00e4ndisches K\u00fcnstlerhaus, Saarbr\u00fccken<\/p>\n<p>2024\u00a0 50 Jahre BBK SAAR \/\u00a0 Jubil\u00e4umsausstellung \/ Saarl\u00e4ndisches<\/p>\n<p>K\u00fcnstlerhaus, Saarbr\u00fccken\/ K<\/p>\n<p>Galerie Kuhstall\/Saarpf\u00e4lz.K\u00fcnstler\/innen, Kirkel-Altstadt\/ K<\/p>\n<p>2023\u00a0 \u00a0Im Wandel \/ Malerei, Zeichnungen, Fotografie, Objekte,<\/p>\n<p>Skulpturen \/ Kunstverein W\u00f6rth am Rhein<\/p>\n<p>2023\u00a0 \u00a0Jamboree \/ Mitgliederausstellung Saarl\u00e4ndisches K\u00fcnstlerhaus\/<\/p>\n<p>Saarbr\u00fccken\/ K<\/p>\n<p>2022\u00a0 \u00a0Art to go \/ BBK Jahresausstellung \/ K\u00fcnstlerhaus Saarbr\u00fccken \/K<\/p>\n<p>2021\u00a0 \u00a0Into the great wide open \/ BBK Saar \/ Saarl\u00e4ndisches K\u00fcnstlerhaus,<\/p>\n<p>Saarbr\u00fccken<\/p>\n<p>2020\u00a0 \u00a0Letzte Lockerung \/ Saarl\u00e4ndisches K\u00fcnstlerhaus\/ SB\/ K<\/p>\n<p>2020\u00a0 \u00a0Netzwerk \/ Produzentengalerie K\u00f6cher, Bexbach<\/p>\n<p>2020\u00a0 \u00a0Online-Galerie \/ BBK RLP \/ Virtuelle Ausstellung<\/p>\n<p>2019 \u00a0 Odyssee \/ Mainzer Kunstpreis Eisenturm \/ Nominierte<\/p>\n<p>2018\u00a0\u00a0 Anders \/ 70 Jahre BBK RLP \/ Galerie Mainz, Berlin<\/p>\n<p>2016\u00a0 \u00a0Formen der Interaktion \/ Kulturzentr. \/ Homburg<\/p>\n<p>2015 \u00a0 Heldenmythen, Heldentaten, Heldentod \/ K\u00fcnstlerhaus Saarland<\/p>\n<p>2010 \u00a0 Angezettelt \/ 25 Jahre Saarl\u00e4ndisches K\u00fcnstlerhaus, Saarbr\u00fccken<\/p>\n<p>2009 \u00a0 Fliegen \/ Kunstverein Zweibr\u00fccken in Barrie, Kanada<\/p>\n<p>2008 \u00a0 Projekt aus dem Verborgenen \/ Homburg -Saar \/K<\/p>\n<p>2008\u00a0 \u00a0sehn sucht para dies \/ BBK Saar, Schwebsange, Luxembourg\/ K<\/p>\n<p>2007 \u00a0 Camouflage \/ Saarl. K\u00fcnstlerhaus, Luxemburg-Kulturhauptstadt \/K<\/p>\n<p>KUNSTGARTEN-GARTENKUNST\/ BBK Saar\/ Luxemburg\/ K<\/p>\n<p>2005 \u00a0 Kunst auf Halde \/ BBK Saar, Ensdorf<\/p>\n<p>2003 \u00a0 DIN Art 1 \/ Saarl\u00e4ndisches K\u00fcnstlerhaus, Saarbr\u00fccken<\/p>\n<p>seit 2008\u00a0 \u00a0Offene Ateliers BBKRLP<\/p>\n<p>seit 2002 \u00a0 Jahresausstellung BBK Saarland<\/p>\n<p>seit 1996 \u00a0 Jahresausstellungen Homburger K\u00fcnstler<\/p>\n<p>1992\u00a0 \u00a0 \u00a0 \u00a0 \u00a0 Originaldruckgrafik Buchmesse Frankfurt<\/p>\n","protected":false},"excerpt":{"rendered":"<p>\u00d6 F F E N T L I C H E\u00a0 A N K \u00c4 U F E &#8211; Stadt Waldmohr\/ Rheinland-Pfalz &#8211; Sparkasse Neunkirchen &#8211; Ministerium f\u00fcr Bildung, Kultur und Wissenschaft des Saarlandes, Saarbr\u00fccken &nbsp; E I N Z E L A U S S T E L L U N G E N [&hellip;]<\/p>\n","protected":false},"author":1,"featured_media":0,"parent":0,"menu_order":0,"comment_status":"closed","ping_status":"closed","template":"","meta":{"footnotes":""},"class_list":["post-30","page","type-page","status-publish","hentry","no-featured-image"],"_links":{"self":[{"href":"https:\/\/www.lebong.net\/kunst\/wp-json\/wp\/v2\/pages\/30","targetHints":{"allow":["GET"]}}],"collection":[{"href":"https:\/\/www.lebong.net\/kunst\/wp-json\/wp\/v2\/pages"}],"about":[{"href":"https:\/\/www.lebong.net\/kunst\/wp-json\/wp\/v2\/types\/page"}],"author":[{"embeddable":true,"href":"https:\/\/www.lebong.net\/kunst\/wp-json\/wp\/v2\/users\/1"}],"replies":[{"embeddable":true,"href":"https:\/\/www.lebong.net\/kunst\/wp-json\/wp\/v2\/comments?post=30"}],"version-history":[{"count":0,"href":"https:\/\/www.lebong.net\/kunst\/wp-json\/wp\/v2\/pages\/30\/revisions"}],"wp:attachment":[{"href":"https:\/\/www.lebong.net\/kunst\/wp-json\/wp\/v2\/media?parent=30"}],"curies":[{"name":"wp","href":"https:\/\/api.w.org\/{rel}","templated":true}]}}