{"id":27,"date":"2016-07-05T17:19:59","date_gmt":"2016-07-05T15:19:59","guid":{"rendered":"http:\/\/root.lebong.net\/wordpress\/?page_id=27"},"modified":"2024-07-24T10:36:49","modified_gmt":"2024-07-24T08:36:49","slug":"biografie","status":"publish","type":"page","link":"https:\/\/www.lebong.net\/kunst\/biografie\/","title":{"rendered":"Biografie"},"content":{"rendered":"<p><img loading=\"lazy\" decoding=\"async\" class=\"alignright size-full wp-image-96\" src=\"http:\/\/root.lebong.net\/wordpress\/wp-content\/uploads\/Lebong.jpg\" alt=\"Lebong\" width=\"425\" height=\"426\" srcset=\"https:\/\/www.lebong.net\/kunst\/wp-content\/uploads\/Lebong.jpg 425w, https:\/\/www.lebong.net\/kunst\/wp-content\/uploads\/Lebong-300x300.jpg 300w\" sizes=\"auto, (max-width: 425px) 100vw, 425px\" \/>Zur Person<\/p>\n<p>In Homburg geboren, lebt und arbeitet Ingrid Lebong in ihrer Geburtsstadt.<\/p>\n<p>Ihre k\u00fcnstlerische T\u00e4tigkeit begann 1977 mit dem Studium im Fach \u201eKeramische Skulptur\u201c und dem Erschaffen keramischer Objekte. Danach widmete sie sich der Malerei und absolvierte Studienaufenthalte in Italien und Frankreich. Seit 1996 nimmt sie an den Jahresausstellungen Homburger K\u00fcnstler teil. Seit 2002 beteiligt sich die K\u00fcnstlerin an den Ausstellungen des BBK-Bundesverband Bildender K\u00fcnstler Saar.<\/p>\n<p>&nbsp;<\/p>\n<p>Bis 2004 wurden ihre Werke auch in Ausstellungen der mittlerweile aufgel\u00f6sten Landesarbeitsgemeinschaft Fraktur (Frauen in Kunst und Kultur im Saarland e. V.) gezeigt, so auch 2003 in der Bosener M\u00fchle, wo sie bereits 1986 eine Einzelausstellung hatte.<\/p>\n<p>Vita<\/p>\n<ul>\n<li>1952 geboren in Homburg\/Saar<\/li>\n<li>1977 \u2013 1982 Studium in keramischer Plastik,<br \/>\nEurop\u00e4ische Akademie f\u00fcr Bildende K\u00fcnste in Trier,<br \/>\nStudienaufenthalte in Frankreich und Italien<\/li>\n<li>seit 1986 freischaffend<\/li>\n<li>1991 \u2013 1994 Mappenwerke mit Ars Nova<\/li>\n<li>1998\u00a0 Mitbegr\u00fcnderin der Landesarbeitsgemeinschaft<br \/>\nFRAKTUR- Frauen in Kunst und Kultur im Saarland e.V.<\/li>\n<li>2002\u00a0 Mitglied im BBK Saarland<\/li>\n<li>2004\u00a0 Mitglied im Saarl\u00e4ndischen K\u00fcnstlerhaus<\/li>\n<li>2007\u00a0 Mitglied im BBK Rheinland-Pfalz<\/li>\n<li>2013\u00a0 Mitglied Association Rhythmes et Couleurs du Verdon<\/li>\n<li>2015\u00a0 Mitglied Association Le Vivier, Moret-Loing et Orvanne\/Ile de\u00a0 \u00a0 \u00a0 \u00a0 \u00a0 \u00a0 France<\/li>\n<\/ul>\n","protected":false},"excerpt":{"rendered":"<p>Zur Person In Homburg geboren, lebt und arbeitet Ingrid Lebong in ihrer Geburtsstadt. Ihre k\u00fcnstlerische T\u00e4tigkeit begann 1977 mit dem Studium im Fach \u201eKeramische Skulptur\u201c und dem Erschaffen keramischer Objekte. Danach widmete sie sich der Malerei und absolvierte Studienaufenthalte in Italien und Frankreich. Seit 1996 nimmt sie an den Jahresausstellungen Homburger K\u00fcnstler teil. Seit 2002 [&hellip;]<\/p>\n","protected":false},"author":1,"featured_media":0,"parent":0,"menu_order":0,"comment_status":"closed","ping_status":"closed","template":"","meta":{"footnotes":""},"class_list":["post-27","page","type-page","status-publish","hentry","no-featured-image"],"_links":{"self":[{"href":"https:\/\/www.lebong.net\/kunst\/wp-json\/wp\/v2\/pages\/27","targetHints":{"allow":["GET"]}}],"collection":[{"href":"https:\/\/www.lebong.net\/kunst\/wp-json\/wp\/v2\/pages"}],"about":[{"href":"https:\/\/www.lebong.net\/kunst\/wp-json\/wp\/v2\/types\/page"}],"author":[{"embeddable":true,"href":"https:\/\/www.lebong.net\/kunst\/wp-json\/wp\/v2\/users\/1"}],"replies":[{"embeddable":true,"href":"https:\/\/www.lebong.net\/kunst\/wp-json\/wp\/v2\/comments?post=27"}],"version-history":[{"count":0,"href":"https:\/\/www.lebong.net\/kunst\/wp-json\/wp\/v2\/pages\/27\/revisions"}],"wp:attachment":[{"href":"https:\/\/www.lebong.net\/kunst\/wp-json\/wp\/v2\/media?parent=27"}],"curies":[{"name":"wp","href":"https:\/\/api.w.org\/{rel}","templated":true}]}}