{"id":6,"date":"2026-01-08T13:47:37","date_gmt":"2026-01-08T12:47:37","guid":{"rendered":"https:\/\/www.lebong.net\/homburg\/?page_id=6"},"modified":"2026-01-09T15:32:29","modified_gmt":"2026-01-09T14:32:29","slug":"ferienwohnung-schlossbergblick","status":"publish","type":"page","link":"https:\/\/www.lebong.net\/homburg\/","title":{"rendered":"Ferienwohnung Schlossbergblick"},"content":{"rendered":"\n<p>Die neu renovierte 70 m\u00b2 gro\u00dfe Ferienwohnung im Erdgeschoss, bis 4 Personen liegt unterhalb des Schlossberges mit historisch Sehenswertem, N\u00e4he Stadtmitte, Uniklinik und Gesch\u00e4ften.<\/p>\n\n\n\n<p>Die Nichtraucherwohnung ist allergikergerecht und hochwertig ausgestattet mit Wohnschlafzimmer, K\u00fcche und Essecke, Schlafzimmer, 1 Bad mit Dusche und 1 Bad mit Badewanne. An das Esszimmer angrenzend liegt die Terrasse in S\u00fcdlage zum erholsamen Garten hin.<\/p>\n\n\n\n<p>B\u00e4cker, Metzger, Superm\u00e4rkte und verschiedene Restaurants sowie der Wochenmarkt freitags sind fu\u00dfl\u00e4ufig erreichbar. TV, Wlan, Sp\u00fclmaschine, Backofen, Waschmaschine und Trockner sind vorhanden. Fahrr\u00e4der k\u00f6nnen im Fahrradkeller untergebracht werden. Eine Parkm\u00f6glichkeit ist vor dem Haus oder auf dem gegen\u00fcberliegenden Parkplatz.<\/p>\n\n\n\n<p>Der Preis ab 70 \u20ac je nach Pers., Handt\u00fccher und Bettw\u00e4sche sind enthalten. Die Endreinigung kommt mit 45 \u20ac hinzu und im Winter Heizkosten. Die Kaution von 150 \u20ac ist beim Einzug zu entrichten. Bitte beachten Sie auch, dass <strong>Tiere leider nicht erlaubt sind,<\/strong> da die Wohnung f\u00fcr Allergiker ausgestattet ist.<\/p>\n\n\n\n<h2 class=\"wp-block-heading\">Sehenswertes in und um Homburg<\/h2>\n\n\n\n<p>Fu\u00dfl\u00e4ufig sind die gr\u00f6\u00dften Buntsandsteinh\u00f6hlen Europas in 5 Minuten zu erreichen. Von da aus sind in verschiedene Richtungen Wanderwege durch den Wald bis zum Pf\u00e4lzer Wald. Interessant ist der Karlsberg mit Weiher und Ruinen, die Sickinger H\u00f6he, das Lambsbachtal und in der Ferne das Pf\u00e4lzer M\u00fchlental. Richtung J\u00e4gersburg mit seinen Weihern, vorbei nach Waldmohr in der Pfalz sind in Entfernung das Kuseler Land mit seiner Burg Lichtenberg und vielen Sehensw\u00fcrdigkeiten zu erwandern und \u00fcber den Blies Glanweg als Fahrradweg.<\/p>\n\n\n\n<p>In die andere Richtung ist der Kirkeler Felsenpfad mit Felsklettern sowie das Biosp\u00e4ren Naturreservat, das bis zur franz\u00f6sischen Grenze f\u00fchrt. In die andere Richtung Pirmasens &#8211; Landau ist das Dahner Felsenland mit den Burgruinen, Teufelstisch und von Eppenbrunn nach Robviller nahe Bitche die Altschossfelsen, die gr\u00f6\u00dfte deutsche zusammenh\u00e4ngende Buntsandsteinwand.<\/p>\n","protected":false},"excerpt":{"rendered":"<p>Die neu renovierte 70 m\u00b2 gro\u00dfe Ferienwohnung im Erdgeschoss, bis 4 Personen liegt unterhalb des Schlossberges mit historisch Sehenswertem, N\u00e4he Stadtmitte, Uniklinik und Gesch\u00e4ften. Die Nichtraucherwohnung ist allergikergerecht und hochwertig ausgestattet mit Wohnschlafzimmer, K\u00fcche und &hellip; <a href=\"https:\/\/www.lebong.net\/homburg\/\">Weiterlesen<\/a><\/p>\n","protected":false},"author":1,"featured_media":0,"parent":0,"menu_order":0,"comment_status":"closed","ping_status":"closed","template":"page_haus.php","meta":{"footnotes":""},"class_list":["post-6","page","type-page","status-publish","hentry"],"_links":{"self":[{"href":"https:\/\/www.lebong.net\/homburg\/wp-json\/wp\/v2\/pages\/6","targetHints":{"allow":["GET"]}}],"collection":[{"href":"https:\/\/www.lebong.net\/homburg\/wp-json\/wp\/v2\/pages"}],"about":[{"href":"https:\/\/www.lebong.net\/homburg\/wp-json\/wp\/v2\/types\/page"}],"author":[{"embeddable":true,"href":"https:\/\/www.lebong.net\/homburg\/wp-json\/wp\/v2\/users\/1"}],"replies":[{"embeddable":true,"href":"https:\/\/www.lebong.net\/homburg\/wp-json\/wp\/v2\/comments?post=6"}],"version-history":[{"count":2,"href":"https:\/\/www.lebong.net\/homburg\/wp-json\/wp\/v2\/pages\/6\/revisions"}],"predecessor-version":[{"id":42,"href":"https:\/\/www.lebong.net\/homburg\/wp-json\/wp\/v2\/pages\/6\/revisions\/42"}],"wp:attachment":[{"href":"https:\/\/www.lebong.net\/homburg\/wp-json\/wp\/v2\/media?parent=6"}],"curies":[{"name":"wp","href":"https:\/\/api.w.org\/{rel}","templated":true}]}}